{"id":283,"date":"2024-04-19T17:04:21","date_gmt":"2024-04-19T15:04:21","guid":{"rendered":"https:\/\/facadici.fr\/?page_id=283"},"modified":"2025-05-26T16:33:09","modified_gmt":"2025-05-26T14:33:09","slug":"rejointoiement","status":"publish","type":"page","link":"https:\/\/facadici.fr\/index.php\/rejointoiement\/","title":{"rendered":"Rejointoiement"},"content":{"rendered":"\t\t<div data-elementor-type=\"wp-page\" data-elementor-id=\"283\" class=\"elementor elementor-283\">\n\t\t\t\t<div class=\"elementor-element elementor-element-34b4b8c e-flex e-con-boxed e-con e-parent\" data-id=\"34b4b8c\" data-element_type=\"container\" data-e-type=\"container\">\n\t\t\t\t\t<div class=\"e-con-inner\">\n\t\t\t\t<div class=\"elementor-element elementor-element-a805977 elementor-widget elementor-widget-image\" data-id=\"a805977\" data-element_type=\"widget\" data-e-type=\"widget\" data-widget_type=\"image.default\">\n\t\t\t\t<div class=\"elementor-widget-container\">\n\t\t\t\t\t\t\t\t\t\t\t\t\t\t\t<img fetchpriority=\"high\" decoding=\"async\" width=\"1024\" height=\"360\" src=\"https:\/\/facadici.fr\/wp-content\/uploads\/2024\/04\/Bright-Colored-Tumblr-Banner-7-1024x360.png\" class=\"attachment-large size-large wp-image-268\" alt=\"\" srcset=\"https:\/\/facadici.fr\/wp-content\/uploads\/2024\/04\/Bright-Colored-Tumblr-Banner-7-1024x360.png 1024w, https:\/\/facadici.fr\/wp-content\/uploads\/2024\/04\/Bright-Colored-Tumblr-Banner-7-300x106.png 300w, https:\/\/facadici.fr\/wp-content\/uploads\/2024\/04\/Bright-Colored-Tumblr-Banner-7-768x270.png 768w, https:\/\/facadici.fr\/wp-content\/uploads\/2024\/04\/Bright-Colored-Tumblr-Banner-7-1536x540.png 1536w, https:\/\/facadici.fr\/wp-content\/uploads\/2024\/04\/Bright-Colored-Tumblr-Banner-7-2048x720.png 2048w\" sizes=\"(max-width: 1024px) 100vw, 1024px\" \/>\t\t\t\t\t\t\t\t\t\t\t\t\t\t\t<\/div>\n\t\t\t\t<\/div>\n\t\t\t\t\t<\/div>\n\t\t\t\t<\/div>\n\t\t<div class=\"elementor-element elementor-element-c208ce6 e-flex e-con-boxed e-con e-parent\" data-id=\"c208ce6\" data-element_type=\"container\" data-e-type=\"container\">\n\t\t\t\t\t<div class=\"e-con-inner\">\n\t\t\t\t<div class=\"elementor-element elementor-element-032dccb elementor-widget elementor-widget-text-editor\" data-id=\"032dccb\" data-element_type=\"widget\" data-e-type=\"widget\" data-widget_type=\"text-editor.default\">\n\t\t\t\t<div class=\"elementor-widget-container\">\n\t\t\t\t\t\t\t\t\t<p>Rejointoyer consiste \u00e0 r\u00e9aliser des joints, c\u2019est \u00e0 dire \u00e0 combler les espaces vides entre les pierres d\u2019une fa\u00e7ade. On peut rejointoyer un mur neuf ou, apr\u00e8s d\u00e9garnissage des joints usag\u00e9s, un mur ancien \u00e0 restaurer.<\/p><p>Le r\u00f4le du joint est multiple :<\/p><ul><li>Protection contre les infiltrations d\u2019eau.<\/li><li>Protection phonique et thermique.<\/li><li>R\u00f4le esth\u00e9tique de mise en valeur des pierres d\u2019une fa\u00e7ade.<\/li><\/ul>\t\t\t\t\t\t\t\t<\/div>\n\t\t\t\t<\/div>\n\t\t\t\t\t<\/div>\n\t\t\t\t<\/div>\n\t\t<div class=\"elementor-element elementor-element-697ee3a e-grid e-con-boxed e-con e-parent\" data-id=\"697ee3a\" data-element_type=\"container\" data-e-type=\"container\">\n\t\t\t\t\t<div class=\"e-con-inner\">\n\t\t\t\t<div class=\"elementor-element elementor-element-a312c37 elementor-widget elementor-widget-image\" data-id=\"a312c37\" data-element_type=\"widget\" data-e-type=\"widget\" data-widget_type=\"image.default\">\n\t\t\t\t<div class=\"elementor-widget-container\">\n\t\t\t\t\t\t\t\t\t\t\t\t\t\t\t<img decoding=\"async\" width=\"300\" height=\"300\" src=\"https:\/\/facadici.fr\/wp-content\/uploads\/2024\/04\/IMG_8926-1-300x300.jpg\" class=\"attachment-medium size-medium wp-image-275\" alt=\"\" srcset=\"https:\/\/facadici.fr\/wp-content\/uploads\/2024\/04\/elementor\/thumbs\/IMG_8926-1-qmy0zeib5yvfu3mxp2r1mcgw411qiyvlcq7npvth2w.jpg 300w, https:\/\/facadici.fr\/wp-content\/uploads\/2024\/04\/IMG_8926-1-150x150.jpg 150w, https:\/\/facadici.fr\/wp-content\/uploads\/2024\/04\/IMG_8926-1-768x768.jpg 768w, https:\/\/facadici.fr\/wp-content\/uploads\/2024\/04\/IMG_8926-1.jpg 1000w\" sizes=\"(max-width: 300px) 100vw, 300px\" \/>\t\t\t\t\t\t\t\t\t\t\t\t\t\t\t<\/div>\n\t\t\t\t<\/div>\n\t\t\t\t<div class=\"elementor-element elementor-element-ae87fb4 elementor-widget elementor-widget-image\" data-id=\"ae87fb4\" data-element_type=\"widget\" data-e-type=\"widget\" data-widget_type=\"image.default\">\n\t\t\t\t<div class=\"elementor-widget-container\">\n\t\t\t\t\t\t\t\t\t\t\t\t\t\t\t<img decoding=\"async\" width=\"240\" height=\"300\" src=\"https:\/\/facadici.fr\/wp-content\/uploads\/2025\/04\/6-240x300.png\" class=\"attachment-medium size-medium wp-image-503\" alt=\"\" srcset=\"https:\/\/facadici.fr\/wp-content\/uploads\/2025\/04\/6-240x300.png 240w, https:\/\/facadici.fr\/wp-content\/uploads\/2025\/04\/6-819x1024.png 819w, https:\/\/facadici.fr\/wp-content\/uploads\/2025\/04\/6-768x960.png 768w, https:\/\/facadici.fr\/wp-content\/uploads\/2025\/04\/6.png 1080w\" sizes=\"(max-width: 240px) 100vw, 240px\" \/>\t\t\t\t\t\t\t\t\t\t\t\t\t\t\t<\/div>\n\t\t\t\t<\/div>\n\t\t\t\t\t<\/div>\n\t\t\t\t<\/div>\n\t\t<div class=\"elementor-element elementor-element-420d4d9 e-flex e-con-boxed e-con e-parent\" data-id=\"420d4d9\" data-element_type=\"container\" data-e-type=\"container\">\n\t\t\t\t\t<div class=\"e-con-inner\">\n\t\t\t\t<div class=\"elementor-element elementor-element-0f2af7b elementor-widget elementor-widget-text-editor\" data-id=\"0f2af7b\" data-element_type=\"widget\" data-e-type=\"widget\" data-widget_type=\"text-editor.default\">\n\t\t\t\t<div class=\"elementor-widget-container\">\n\t\t\t\t\t\t\t\t\t<p>MORTIER<\/p><p>Le choix du mortier \u00e0 pr\u00e9parer s\u2019effectue en fonction de la duret\u00e9 du mat\u00e9riau \u00e0 rejointer et de la composition du mortier de montage utilis\u00e9. Pour la construction neuve, il est conseill\u00e9 de choisir de pr\u00e9f\u00e9rence un liant similaire \u00e0 celui utilis\u00e9 pour le montage du mur. Lorsque ce dernier est un mortier b\u00e2tard (chaux + ciment), il pr\u00e9f\u00e9rable de rejointoyer avec un mortier de chaux hydraulique ou a\u00e9rienne ou avec un mortier b\u00e2tard faiblement dos\u00e9 en ciment.<\/p><p>En restauration du b\u00e2ti ancien, on utilisera de pr\u00e9f\u00e9rence un mortier \u00e0 base de chaux, afin de pr\u00e9server durablement le mur et les mat\u00e9riaux qui le constituent.<\/p>\t\t\t\t\t\t\t\t<\/div>\n\t\t\t\t<\/div>\n\t\t\t\t\t<\/div>\n\t\t\t\t<\/div>\n\t\t<div class=\"elementor-element elementor-element-b606744 e-grid e-con-boxed e-con e-parent\" data-id=\"b606744\" data-element_type=\"container\" data-e-type=\"container\">\n\t\t\t\t\t<div class=\"e-con-inner\">\n\t\t\t\t<div class=\"elementor-element elementor-element-b9c2468 elementor-widget elementor-widget-image\" data-id=\"b9c2468\" data-element_type=\"widget\" data-e-type=\"widget\" data-widget_type=\"image.default\">\n\t\t\t\t<div class=\"elementor-widget-container\">\n\t\t\t\t\t\t\t\t\t\t\t\t\t\t\t<img loading=\"lazy\" decoding=\"async\" width=\"1024\" height=\"768\" src=\"https:\/\/facadici.fr\/wp-content\/uploads\/2024\/04\/IMG_2376-1024x768.jpg\" class=\"attachment-large size-large wp-image-278\" alt=\"\" srcset=\"https:\/\/facadici.fr\/wp-content\/uploads\/2024\/04\/IMG_2376-1024x768.jpg 1024w, https:\/\/facadici.fr\/wp-content\/uploads\/2024\/04\/IMG_2376-300x225.jpg 300w, https:\/\/facadici.fr\/wp-content\/uploads\/2024\/04\/IMG_2376-768x576.jpg 768w, https:\/\/facadici.fr\/wp-content\/uploads\/2024\/04\/IMG_2376-1536x1152.jpg 1536w, https:\/\/facadici.fr\/wp-content\/uploads\/2024\/04\/IMG_2376-2048x1536.jpg 2048w\" sizes=\"(max-width: 1024px) 100vw, 1024px\" \/>\t\t\t\t\t\t\t\t\t\t\t\t\t\t\t<\/div>\n\t\t\t\t<\/div>\n\t\t\t\t<div class=\"elementor-element elementor-element-88fbecc elementor-widget elementor-widget-image\" data-id=\"88fbecc\" data-element_type=\"widget\" data-e-type=\"widget\" data-widget_type=\"image.default\">\n\t\t\t\t<div class=\"elementor-widget-container\">\n\t\t\t\t\t\t\t\t\t\t\t\t\t\t\t<img loading=\"lazy\" decoding=\"async\" width=\"1024\" height=\"768\" src=\"https:\/\/facadici.fr\/wp-content\/uploads\/2024\/04\/IMG_6229-1024x768.jpg\" class=\"attachment-large size-large wp-image-279\" alt=\"\" srcset=\"https:\/\/facadici.fr\/wp-content\/uploads\/2024\/04\/IMG_6229-1024x768.jpg 1024w, https:\/\/facadici.fr\/wp-content\/uploads\/2024\/04\/IMG_6229-300x225.jpg 300w, https:\/\/facadici.fr\/wp-content\/uploads\/2024\/04\/IMG_6229-768x576.jpg 768w, https:\/\/facadici.fr\/wp-content\/uploads\/2024\/04\/IMG_6229-1536x1152.jpg 1536w, https:\/\/facadici.fr\/wp-content\/uploads\/2024\/04\/IMG_6229-2048x1536.jpg 2048w\" sizes=\"(max-width: 1024px) 100vw, 1024px\" \/>\t\t\t\t\t\t\t\t\t\t\t\t\t\t\t<\/div>\n\t\t\t\t<\/div>\n\t\t\t\t\t<\/div>\n\t\t\t\t<\/div>\n\t\t<div class=\"elementor-element elementor-element-ed49bc1 e-flex e-con-boxed e-con e-parent\" data-id=\"ed49bc1\" data-element_type=\"container\" data-e-type=\"container\">\n\t\t\t\t\t<div class=\"e-con-inner\">\n\t\t\t\t<div class=\"elementor-element elementor-element-c3a1e5b elementor-widget elementor-widget-text-editor\" data-id=\"c3a1e5b\" data-element_type=\"widget\" data-e-type=\"widget\" data-widget_type=\"text-editor.default\">\n\t\t\t\t<div class=\"elementor-widget-container\">\n\t\t\t\t\t\t\t\t\t<p>POURQUOI EMPLOYER UN MORTIER \u00c0 BASE DE CHAUX ?<\/p><ul><li>La chaux respecte parfaitement tout type de support. Elle peut \u00eatre retir\u00e9e \u00e0 tout moment sans cons\u00e9quence pour les autres parties d\u2019un ouvrage. C\u2019est pourquoi elle est fortement recommand\u00e9e en restauration.<\/li><li>La chaux est un produit naturel et biologique.<\/li><li>Elle s\u2019adapte aux mouvements du b\u00e2ti et \u00e9vite l\u2019apparition des fissurations dans les murs.<\/li><li>Perm\u00e9able \u00e0 la vapeur d\u2019eau, elle est imperm\u00e9able \u00e0 l\u2019eau, laissant ainsi respirer les murs, qui absorbent l\u2019humidit\u00e9 int\u00e9rieure et la rejettent vers l\u2019ext\u00e9rieur.<\/li><li>Les mortiers \u00e0 la chaux se teintent facilement et permettent d\u2019obtenir toutes les teintes souhait\u00e9es.<\/li><\/ul>\t\t\t\t\t\t\t\t<\/div>\n\t\t\t\t<\/div>\n\t\t\t\t\t<\/div>\n\t\t\t\t<\/div>\n\t\t<div class=\"elementor-element elementor-element-4d3e410 e-grid e-con-boxed e-con e-parent\" data-id=\"4d3e410\" data-element_type=\"container\" data-e-type=\"container\">\n\t\t\t\t\t<div class=\"e-con-inner\">\n\t\t\t\t<div class=\"elementor-element elementor-element-117d40d elementor-widget elementor-widget-image\" data-id=\"117d40d\" data-element_type=\"widget\" data-e-type=\"widget\" data-widget_type=\"image.default\">\n\t\t\t\t<div class=\"elementor-widget-container\">\n\t\t\t\t\t\t\t\t\t\t\t\t\t\t\t<img loading=\"lazy\" decoding=\"async\" width=\"1024\" height=\"766\" src=\"https:\/\/facadici.fr\/wp-content\/uploads\/2024\/04\/IMG_2375-1024x766.jpg\" class=\"attachment-large size-large wp-image-276\" alt=\"\" srcset=\"https:\/\/facadici.fr\/wp-content\/uploads\/2024\/04\/IMG_2375-1024x766.jpg 1024w, https:\/\/facadici.fr\/wp-content\/uploads\/2024\/04\/IMG_2375-300x224.jpg 300w, https:\/\/facadici.fr\/wp-content\/uploads\/2024\/04\/IMG_2375-768x575.jpg 768w, https:\/\/facadici.fr\/wp-content\/uploads\/2024\/04\/IMG_2375-1536x1149.jpg 1536w, https:\/\/facadici.fr\/wp-content\/uploads\/2024\/04\/IMG_2375-2048x1532.jpg 2048w\" sizes=\"(max-width: 1024px) 100vw, 1024px\" \/>\t\t\t\t\t\t\t\t\t\t\t\t\t\t\t<\/div>\n\t\t\t\t<\/div>\n\t\t\t\t<div class=\"elementor-element elementor-element-5588579 elementor-widget elementor-widget-image\" data-id=\"5588579\" data-element_type=\"widget\" data-e-type=\"widget\" data-widget_type=\"image.default\">\n\t\t\t\t<div class=\"elementor-widget-container\">\n\t\t\t\t\t\t\t\t\t\t\t\t\t\t\t<img loading=\"lazy\" decoding=\"async\" width=\"1024\" height=\"768\" src=\"https:\/\/facadici.fr\/wp-content\/uploads\/2024\/04\/IMG_6224-1024x768.jpg\" class=\"attachment-large size-large wp-image-277\" alt=\"\" srcset=\"https:\/\/facadici.fr\/wp-content\/uploads\/2024\/04\/IMG_6224-1024x768.jpg 1024w, https:\/\/facadici.fr\/wp-content\/uploads\/2024\/04\/IMG_6224-300x225.jpg 300w, https:\/\/facadici.fr\/wp-content\/uploads\/2024\/04\/IMG_6224-768x576.jpg 768w, https:\/\/facadici.fr\/wp-content\/uploads\/2024\/04\/IMG_6224-1536x1152.jpg 1536w, https:\/\/facadici.fr\/wp-content\/uploads\/2024\/04\/IMG_6224-2048x1536.jpg 2048w\" sizes=\"(max-width: 1024px) 100vw, 1024px\" \/>\t\t\t\t\t\t\t\t\t\t\t\t\t\t\t<\/div>\n\t\t\t\t<\/div>\n\t\t\t\t\t<\/div>\n\t\t\t\t<\/div>\n\t\t\t\t<\/div>\n\t\t","protected":false},"excerpt":{"rendered":"<p>Rejointoyer consiste \u00e0 r\u00e9aliser des joints, c\u2019est \u00e0 dire \u00e0 combler les espaces vides entre les pierres d\u2019une fa\u00e7ade. On peut rejointoyer un mur neuf ou, apr\u00e8s d\u00e9garnissage des joints usag\u00e9s, un mur ancien \u00e0 restaurer. Le r\u00f4le du joint est multiple : Protection contre les infiltrations d\u2019eau. Protection phonique et thermique. R\u00f4le esth\u00e9tique de [&hellip;]<\/p>\n","protected":false},"author":1,"featured_media":0,"parent":0,"menu_order":0,"comment_status":"closed","ping_status":"closed","template":"wp-custom-template-rejointoiement","meta":{"footnotes":""},"class_list":["post-283","page","type-page","status-publish","hentry"],"_links":{"self":[{"href":"https:\/\/facadici.fr\/index.php\/wp-json\/wp\/v2\/pages\/283","targetHints":{"allow":["GET"]}}],"collection":[{"href":"https:\/\/facadici.fr\/index.php\/wp-json\/wp\/v2\/pages"}],"about":[{"href":"https:\/\/facadici.fr\/index.php\/wp-json\/wp\/v2\/types\/page"}],"author":[{"embeddable":true,"href":"https:\/\/facadici.fr\/index.php\/wp-json\/wp\/v2\/users\/1"}],"replies":[{"embeddable":true,"href":"https:\/\/facadici.fr\/index.php\/wp-json\/wp\/v2\/comments?post=283"}],"version-history":[{"count":7,"href":"https:\/\/facadici.fr\/index.php\/wp-json\/wp\/v2\/pages\/283\/revisions"}],"predecessor-version":[{"id":896,"href":"https:\/\/facadici.fr\/index.php\/wp-json\/wp\/v2\/pages\/283\/revisions\/896"}],"wp:attachment":[{"href":"https:\/\/facadici.fr\/index.php\/wp-json\/wp\/v2\/media?parent=283"}],"curies":[{"name":"wp","href":"https:\/\/api.w.org\/{rel}","templated":true}]}}